{"id":178,"date":"2024-03-03T10:21:24","date_gmt":"2024-03-03T13:21:24","guid":{"rendered":"https:\/\/regional3.sbenbio.org.br\/?page_id=178"},"modified":"2024-04-05T06:54:41","modified_gmt":"2024-04-05T09:54:41","slug":"institucional","status":"publish","type":"page","link":"https:\/\/regional3.sbenbio.org.br\/index.php\/institucional\/","title":{"rendered":"INSTITUCIONAL"},"content":{"rendered":"[et_pb_section fb_built=&#8221;1&#8243; admin_label=&#8221;section&#8221; _builder_version=&#8221;4.16&#8243; global_colors_info=&#8221;{}&#8221;][et_pb_row admin_label=&#8221;row&#8221; _builder_version=&#8221;4.16&#8243; background_size=&#8221;initial&#8221; background_position=&#8221;top_left&#8221; background_repeat=&#8221;repeat&#8221; global_colors_info=&#8221;{}&#8221;][et_pb_column type=&#8221;4_4&#8243; _builder_version=&#8221;4.16&#8243; custom_padding=&#8221;|||&#8221; global_colors_info=&#8221;{}&#8221; custom_padding__hover=&#8221;|||&#8221;][et_pb_text admin_label=&#8221;Text&#8221; _builder_version=&#8221;4.24.1&#8243; background_size=&#8221;initial&#8221; background_position=&#8221;top_left&#8221; background_repeat=&#8221;repeat&#8221; hover_enabled=&#8221;0&#8243; global_colors_info=&#8221;{}&#8221; sticky_enabled=&#8221;0&#8243;]<p><\/p>\n<p><\/p>\n<p><\/p>\n<div class=\"wp-block-columns is-layout-flex wp-container-core-columns-is-layout-9d6595d7 wp-block-columns-is-layout-flex\">\n<p><\/p>\n<div class=\"wp-block-column is-layout-flow wp-block-column-is-layout-flow\">\n<p><\/p>\n<figure class=\"wp-block-image size-full\"><img loading=\"lazy\" decoding=\"async\" src=\"https:\/\/regional3.sbenbio.org.br\/wp-content\/uploads\/2024\/03\/logo-R3-estados.png\" alt=\"\" class=\"wp-image-180\" width=\"246\" height=\"101\" srcset=\"https:\/\/regional3.sbenbio.org.br\/wp-content\/uploads\/2024\/03\/logo-R3-estados.png 400w, https:\/\/regional3.sbenbio.org.br\/wp-content\/uploads\/2024\/03\/logo-R3-estados-300x123.png 300w\" sizes=\"auto, (max-width: 246px) 100vw, 246px\" \/><\/figure>\n<figure class=\"wp-block-image size-full\"><\/figure>\n<p><\/p>\n<\/div>\n<p><\/p>\n<p><\/p>\n<div class=\"wp-block-column is-layout-flow wp-block-column-is-layout-flow\">\n<p><\/p>\n<\/div>\n<p><\/p>\n<p><\/p>\n<div class=\"wp-block-column is-layout-flow wp-block-column-is-layout-flow\"><\/div>\n<p><\/p>\n<p><\/p>\n<div class=\"wp-block-column is-layout-flow wp-block-column-is-layout-flow\"><\/div>\n<p><\/p>\n<\/div>\n<p><\/p>\n<p><\/p>\n<p><\/p>\n<p><\/p>\n<p><\/p>\n<p>A SBEnBio foi fundada em assembleia realizada em <strong>31 de julho de 1997<\/strong>, durante o VI Encontro Perspectivas do Ensino de Biologia. \u00c9 uma associa\u00e7\u00e3o civil de car\u00e1ter cient\u00edfico e cultural, sem fins lucrativos e sem qualquer vincula\u00e7\u00e3o pol\u00edtico-partid\u00e1ria ou religiosa. Essa tem por finalidade promover o desenvolvimento do ensino de Biologia e da pesquisa em Ensino de Biologia entre profissionais deste campo de conhecimento e de \u00e1reas afins.<br \/>A SBEnBio est\u00e1 organizada em uma Diretoria Nacional e seis Diretorias Regionais. Neste momento, voc\u00ea est\u00e1 navegando no s\u00edtio da SBEnBio Reginal 3 (Paran\u00e1, Santa Catarina e Rio Grande do Sul).<\/p>\n<p>Na edi\u00e7\u00e3o especial dos 25 anos da SBEnBio, as professoras Maria Cristina Pansera-de-Ara\u00fajo, Adriana Mohr e Christiane Gioppo Marques da Cruz, que estiveram presentes na Associa\u00e7\u00e3o Brasileira de Ensino de Biologia (SBEnBio) desde sua funda\u00e7\u00e3o, apresentam testemunhos, relatos e coment\u00e1rios sobre como foi instalar, organizar e manter a Diretoria Regional Sul da SBEnBio nestes \u00faltimos 25 anos. <a href=\"https:\/\/renbio.org.br\/index.php\/sbenbio\/article\/view\/781\" target=\"_blank\" rel=\"noopener\">Confira!<\/a><\/p>\n<p>Especificamente durante o 3\u00ba Erebio-Sul, realizado na Uniju\u00ed, os participantes do evento, reunidos em sess\u00e3o de encerramento, elencaram recomenda\u00e7\u00f5es e encaminhamentos para regional perante a elabora\u00e7\u00e3o da Carta das Miss\u00f5es. <a href=\"https:\/\/regional3.sbenbio.org.br\/publicacoes\/cartadasmissoes2008.pdf\">Confira!<\/a><\/p>\n<p><\/p>\n<p>Para acessar a p\u00e1gina nacional da SBEnBio <a href=\"http:\/\/www.sbenbio.org.br\/\" data-type=\"link\" data-id=\"http:\/\/www.sbenbio.org.br\/\">clique aqui.<\/a><\/p>\n<p><\/p>\n<p><strong>Estatuto da SBEnBio<br \/><\/strong>Arquivo em PDF (<a href=\"https:\/\/www.sbenbio3.ufsc.br\/Estatuto.pdf\" data-type=\"link\" data-id=\"https:\/\/www.sbenbio3.ufsc.br\/Estatuto.pdf\">Veja o Estatuto<\/a>)<\/p>\n<p><\/p>\n<p><\/p>\n<p><\/p>[\/et_pb_text][\/et_pb_column][\/et_pb_row][\/et_pb_section]","protected":false},"excerpt":{"rendered":"<p>&nbsp; A SBEnBio foi fundada em assembleia realizada em 31 de julho de 1997, durante o VI Encontro Perspectivas do Ensino de Biologia. \u00c9 uma associa\u00e7\u00e3o civil de car\u00e1ter cient\u00edfico e cultural, sem fins lucrativos e sem qualquer vincula\u00e7\u00e3o pol\u00edtico-partid\u00e1ria ou religiosa. Essa tem por finalidade promover o desenvolvimento do ensino de Biologia e da [&hellip;]<\/p>\n","protected":false},"author":2,"featured_media":0,"parent":0,"menu_order":0,"comment_status":"closed","ping_status":"closed","template":"","meta":{"_et_pb_use_builder":"on","_et_pb_old_content":"<!-- wp:paragraph {\"fontSize\":\"large\"} -->\n<p class=\"has-large-font-size\"><\/p>\n<!-- \/wp:paragraph -->\n\n<!-- wp:columns -->\n<div class=\"wp-block-columns\"><!-- wp:column -->\n<div class=\"wp-block-column\"><!-- wp:image {\"id\":179,\"sizeSlug\":\"full\",\"linkDestination\":\"none\"} -->\n<figure class=\"wp-block-image size-full\"><img src=\"https:\/\/regional3.sbenbio.org.br\/wp-content\/uploads\/2024\/03\/novo-logomarca-sbenbio-450px.png\" alt=\"\" class=\"wp-image-179\"\/><\/figure>\n<!-- \/wp:image --><\/div>\n<!-- \/wp:column -->\n\n<!-- wp:column -->\n<div class=\"wp-block-column\"><!-- wp:image {\"id\":180,\"sizeSlug\":\"full\",\"linkDestination\":\"none\"} -->\n<figure class=\"wp-block-image size-full\"><img src=\"https:\/\/regional3.sbenbio.org.br\/wp-content\/uploads\/2024\/03\/logo-R3-estados.png\" alt=\"\" class=\"wp-image-180\"\/><\/figure>\n<!-- \/wp:image --><\/div>\n<!-- \/wp:column -->\n\n<!-- wp:column -->\n<div class=\"wp-block-column\"><\/div>\n<!-- \/wp:column -->\n\n<!-- wp:column -->\n<div class=\"wp-block-column\"><\/div>\n<!-- \/wp:column --><\/div>\n<!-- \/wp:columns -->\n\n<!-- wp:paragraph -->\n<p><\/p>\n<!-- \/wp:paragraph -->\n\n<!-- wp:paragraph -->\n<p><\/p>\n<!-- \/wp:paragraph -->\n\n<!-- wp:paragraph -->\n<p>A Associa\u00e7\u00e3o Brasileira de Ensino de Biologia (SBEnBio), foi fundada em assembl\u00e9ia realizada em 31 de julho de 1997, durante o VI Encontro Perspectivas do Ensino de Biologia. \u00c9 uma associa\u00e7\u00e3o civil de car\u00e1ter cient\u00edfico e cultural, sem fins lucrativos e sem qualquer vincula\u00e7\u00e3o pol\u00edtico-partid\u00e1ria ou religiosa.<\/p>\n<!-- \/wp:paragraph -->\n\n<!-- wp:paragraph -->\n<p>A SBEnBio tem por finalidade promover o desenvolvimento do ensino de Biologia e da pesquisa em Ensino de Biologia entre profissionais deste campo de conhecimento e de \u00e1reas afins.<\/p>\n<!-- \/wp:paragraph -->\n\n<!-- wp:paragraph -->\n<p>A SBEnBio est\u00e1 organizada em uma Diretoria Nacional e seis Diretorias Regionais.<\/p>\n<!-- \/wp:paragraph -->\n\n<!-- wp:paragraph -->\n<p><\/p>\n<!-- \/wp:paragraph -->\n\n<!-- wp:paragraph -->\n<p>Voc\u00ea est\u00e1 navegando no s\u00edtio da SBEnBio 3a Regi\u00e3o (<strong>Paran\u00e1, Santa Catarina e Rio Grande do Sul<\/strong>).<\/p>\n<!-- \/wp:paragraph -->\n\n<!-- wp:paragraph -->\n<p><\/p>\n<!-- \/wp:paragraph -->\n\n<!-- wp:paragraph -->\n<p>Para acessar a p\u00e1gina nacional da SBEnBio <a href=\"http:\/\/www.sbenbio.org.br\/\" data-type=\"link\" data-id=\"http:\/\/www.sbenbio.org.br\/\">clique aqui.<\/a><\/p>\n<!-- \/wp:paragraph -->\n\n<!-- wp:paragraph -->\n<p><\/p>\n<!-- \/wp:paragraph -->\n\n<!-- wp:paragraph -->\n<p><strong>Estatuto da SBEnBio<br><\/strong>Arquivo em PDF (<a href=\"https:\/\/www.sbenbio3.ufsc.br\/Estatuto.pdf\" data-type=\"link\" data-id=\"https:\/\/www.sbenbio3.ufsc.br\/Estatuto.pdf\">Acrobat Reader<\/a>)<\/p>\n<!-- \/wp:paragraph -->\n\n<!-- wp:paragraph -->\n<p><strong>Carta das Miss\u00f5es<br><\/strong><a href=\"https:\/\/www.sbenbio3.ufsc.br\/CartadasMissoes2008.pdf\" data-type=\"link\" data-id=\"https:\/\/www.sbenbio3.ufsc.br\/CartadasMissoes2008.pdf\">Documento final do 3o EREBioSul.<\/a><\/p>\n<!-- \/wp:paragraph -->","_et_gb_content_width":"","footnotes":""},"class_list":["post-178","page","type-page","status-publish","hentry"],"_links":{"self":[{"href":"https:\/\/regional3.sbenbio.org.br\/index.php\/wp-json\/wp\/v2\/pages\/178","targetHints":{"allow":["GET"]}}],"collection":[{"href":"https:\/\/regional3.sbenbio.org.br\/index.php\/wp-json\/wp\/v2\/pages"}],"about":[{"href":"https:\/\/regional3.sbenbio.org.br\/index.php\/wp-json\/wp\/v2\/types\/page"}],"author":[{"embeddable":true,"href":"https:\/\/regional3.sbenbio.org.br\/index.php\/wp-json\/wp\/v2\/users\/2"}],"replies":[{"embeddable":true,"href":"https:\/\/regional3.sbenbio.org.br\/index.php\/wp-json\/wp\/v2\/comments?post=178"}],"version-history":[{"count":11,"href":"https:\/\/regional3.sbenbio.org.br\/index.php\/wp-json\/wp\/v2\/pages\/178\/revisions"}],"predecessor-version":[{"id":273,"href":"https:\/\/regional3.sbenbio.org.br\/index.php\/wp-json\/wp\/v2\/pages\/178\/revisions\/273"}],"wp:attachment":[{"href":"https:\/\/regional3.sbenbio.org.br\/index.php\/wp-json\/wp\/v2\/media?parent=178"}],"curies":[{"name":"wp","href":"https:\/\/api.w.org\/{rel}","templated":true}]}}