{"id":166,"date":"2024-03-02T21:59:25","date_gmt":"2024-03-03T00:59:25","guid":{"rendered":"https:\/\/regional3.sbenbio.org.br\/?page_id=166"},"modified":"2024-04-22T08:52:01","modified_gmt":"2024-04-22T11:52:01","slug":"filiacao-e-anuidades","status":"publish","type":"page","link":"https:\/\/regional3.sbenbio.org.br\/index.php\/filiacao-e-anuidades\/","title":{"rendered":"FILIA\u00c7\u00c3O E ANUIDADES"},"content":{"rendered":"<p>[et_pb_section fb_built=&#8221;1&#8243; _builder_version=&#8221;4.16&#8243; _module_preset=&#8221;default&#8221; global_colors_info=&#8221;{}&#8221;][et_pb_row _builder_version=&#8221;4.16&#8243; _module_preset=&#8221;default&#8221; global_colors_info=&#8221;{}&#8221;][et_pb_column type=&#8221;4_4&#8243; _builder_version=&#8221;4.16&#8243; _module_preset=&#8221;default&#8221; global_colors_info=&#8221;{}&#8221;][et_pb_text _builder_version=&#8221;4.24.1&#8243; _module_preset=&#8221;default&#8221; text_font_size=&#8221;23px&#8221; text_line_height=&#8221;1.9em&#8221; text_orientation=&#8221;center&#8221; global_colors_info=&#8221;{}&#8221;]<\/p>\n<p><strong><span style=\"color: #339966;\">Seja um associado(a) da SBEnBio!<\/span><\/strong><\/p>\n<p>&nbsp;<\/p>\n<p>[\/et_pb_text][et_pb_text _builder_version=&#8221;4.24.1&#8243; _module_preset=&#8221;default&#8221; text_font_size=&#8221;18px&#8221; text_line_height=&#8221;1.9em&#8221; text_orientation=&#8221;center&#8221; global_colors_info=&#8221;{}&#8221;]<\/p>\n<p>Foi regularizada a forma de pagamento de anuidade e novas filia\u00e7\u00f5es por meio de emiss\u00e3o de boleto banc\u00e1rio ou pagamento por cart\u00e3o de cr\u00e9dito, que agora ser\u00e1 feita via PagSeguro.<\/p>\n<p>O pagamento de anuidades ou a filia\u00e7\u00e3o inicial devem ser feitas acessando o bot\u00e3o ou seguinte link da p\u00e1gina web.\u00a0<\/p>\n<p>[\/et_pb_text][et_pb_button button_url=&#8221;https:\/\/www.sbenbio.org.br\/geral\/filiacoes-e-pagamento-de-anuidades\/&#8221; url_new_window=&#8221;on&#8221; button_text=&#8221;PAGAMENTO OU AFILIA\u00c7\u00c3O&#8221; button_alignment=&#8221;center&#8221; _builder_version=&#8221;4.24.1&#8243; _module_preset=&#8221;default&#8221; custom_button=&#8221;on&#8221; button_text_color=&#8221;#ffffff&#8221; button_bg_color=&#8221;#137c7c&#8221; background_layout=&#8221;dark&#8221; hover_enabled=&#8221;0&#8243; global_colors_info=&#8221;{}&#8221; sticky_enabled=&#8221;0&#8243;][\/et_pb_button][et_pb_text _builder_version=&#8221;4.24.1&#8243; _module_preset=&#8221;default&#8221; text_font_size=&#8221;18px&#8221; text_line_height=&#8221;1.9em&#8221; text_orientation=&#8221;center&#8221; global_colors_info=&#8221;{}&#8221;]<\/p>\n<p>Caso n\u00e3o lembre de sua senha de acesso ou ainda n\u00e3o tenha feito o cadastro na plataforma, clique em \u201cesqueci minha senha\u201d para iniciar o processo.<\/p>\n<p>[\/et_pb_text][\/et_pb_column][\/et_pb_row][\/et_pb_section]<\/p>\n","protected":false},"excerpt":{"rendered":"<p>Seja um associado(a) da SBEnBio! &nbsp;Foi regularizada a forma de pagamento de anuidade e novas filia\u00e7\u00f5es por meio de emiss\u00e3o de boleto banc\u00e1rio ou pagamento por cart\u00e3o de cr\u00e9dito, que agora ser\u00e1 feita via PagSeguro. O pagamento de anuidades ou a filia\u00e7\u00e3o inicial devem ser feitas acessando o bot\u00e3o ou seguinte link da p\u00e1gina web.\u00a0Caso [&hellip;]<\/p>\n","protected":false},"author":2,"featured_media":0,"parent":0,"menu_order":0,"comment_status":"closed","ping_status":"closed","template":"","meta":{"_et_pb_use_builder":"on","_et_pb_old_content":"","_et_gb_content_width":"","footnotes":""},"class_list":["post-166","page","type-page","status-publish","hentry"],"_links":{"self":[{"href":"https:\/\/regional3.sbenbio.org.br\/index.php\/wp-json\/wp\/v2\/pages\/166","targetHints":{"allow":["GET"]}}],"collection":[{"href":"https:\/\/regional3.sbenbio.org.br\/index.php\/wp-json\/wp\/v2\/pages"}],"about":[{"href":"https:\/\/regional3.sbenbio.org.br\/index.php\/wp-json\/wp\/v2\/types\/page"}],"author":[{"embeddable":true,"href":"https:\/\/regional3.sbenbio.org.br\/index.php\/wp-json\/wp\/v2\/users\/2"}],"replies":[{"embeddable":true,"href":"https:\/\/regional3.sbenbio.org.br\/index.php\/wp-json\/wp\/v2\/comments?post=166"}],"version-history":[{"count":6,"href":"https:\/\/regional3.sbenbio.org.br\/index.php\/wp-json\/wp\/v2\/pages\/166\/revisions"}],"predecessor-version":[{"id":282,"href":"https:\/\/regional3.sbenbio.org.br\/index.php\/wp-json\/wp\/v2\/pages\/166\/revisions\/282"}],"wp:attachment":[{"href":"https:\/\/regional3.sbenbio.org.br\/index.php\/wp-json\/wp\/v2\/media?parent=166"}],"curies":[{"name":"wp","href":"https:\/\/api.w.org\/{rel}","templated":true}]}}