{"id":14,"date":"2024-02-28T23:38:27","date_gmt":"2024-02-29T02:38:27","guid":{"rendered":"https:\/\/regional3.sbenbio.org.br\/?page_id=14"},"modified":"2025-03-02T09:04:25","modified_gmt":"2025-03-02T12:04:25","slug":"14-2","status":"publish","type":"page","link":"https:\/\/regional3.sbenbio.org.br\/","title":{"rendered":"HOME"},"content":{"rendered":"<p>[et_pb_section fb_built=&#8221;1&#8243; fullwidth=&#8221;on&#8221; _builder_version=&#8221;4.24.1&#8243; background_color=&#8221;#efefef&#8221; use_background_color_gradient=&#8221;on&#8221; background_color_gradient_stops=&#8221;#46630b 0%|#aabf35 100%&#8221; background_color_gradient_start=&#8221;#156b5b&#8221; background_color_gradient_start_position=&#8221;14%&#8221; background_color_gradient_end=&#8221;#82780f&#8221; background_enable_image=&#8221;off&#8221; parallax=&#8221;on&#8221; parallax_method=&#8221;off&#8221; border_color_all=&#8221;rgba(0,0,0,0)&#8221; global_colors_info=&#8221;{}&#8221;][et_pb_fullwidth_post_slider include_categories=&#8221;4&#8243; excerpt_length=&#8221;200&#8243; show_meta=&#8221;off&#8221; image_placement=&#8221;left&#8221; use_text_overlay=&#8221;off&#8221; _builder_version=&#8221;4.24.1&#8243; header_level=&#8221;h1&#8243; header_font=&#8221;Roboto|700|||||||&#8221; header_text_align=&#8221;center&#8221; header_font_size=&#8221;33px&#8221; body_font=&#8221;Roboto||||||||&#8221; body_text_align=&#8221;center&#8221; body_font_size=&#8221;18px&#8221; background_enable_color=&#8221;off&#8221; background_image=&#8221;https:\/\/regional3.sbenbio.org.br\/wp-content\/uploads\/2024\/02\/Modelo_Slide_R3-1000.png&#8221; background_size=&#8221;initial&#8221; background_position=&#8221;bottom_center&#8221; button_alignment=&#8221;center&#8221; text_orientation=&#8221;left&#8221; module_alignment=&#8221;center&#8221; content_width=&#8221;100%&#8221; custom_margin=&#8221;0px||||false|false&#8221; custom_padding=&#8221;110px||200px||false|false&#8221; global_colors_info=&#8221;{}&#8221;][\/et_pb_fullwidth_post_slider][\/et_pb_section][et_pb_section fb_built=&#8221;1&#8243; _builder_version=&#8221;4.24.1&#8243; _module_preset=&#8221;default&#8221; custom_margin=&#8221;1px||1px||true|false&#8221; global_colors_info=&#8221;{}&#8221;][et_pb_row column_structure=&#8221;1_2,1_2&#8243; _builder_version=&#8221;4.24.1&#8243; _module_preset=&#8221;default&#8221; width=&#8221;100%&#8221; hover_enabled=&#8221;0&#8243; global_colors_info=&#8221;{}&#8221; sticky_enabled=&#8221;0&#8243;][et_pb_column type=&#8221;1_2&#8243; _builder_version=&#8221;4.24.1&#8243; _module_preset=&#8221;default&#8221; global_colors_info=&#8221;{}&#8221;][et_pb_image src=&#8221;https:\/\/regional3.sbenbio.org.br\/wp-content\/uploads\/2025\/02\/erebiosul2025_fundo_branco.jpg&#8221; title_text=&#8221;erebiosul2025_fundo_branco&#8221; align=&#8221;center&#8221; _builder_version=&#8221;4.24.1&#8243; _module_preset=&#8221;default&#8221; background_color=&#8221;#7CDA24&#8243; width=&#8221;400px&#8221; width_last_edited=&#8221;off|desktop&#8221; max_width=&#8221;500px&#8221; module_alignment=&#8221;center&#8221; animation_style=&#8221;slide&#8221; hover_enabled=&#8221;0&#8243; global_colors_info=&#8221;{}&#8221; custom_margin=&#8221;|||-32px|false|false&#8221; sticky_enabled=&#8221;0&#8243;][\/et_pb_image][\/et_pb_column][et_pb_column type=&#8221;1_2&#8243; _builder_version=&#8221;4.24.1&#8243; _module_preset=&#8221;default&#8221; global_colors_info=&#8221;{}&#8221;][et_pb_text _builder_version=&#8221;4.24.1&#8243; _module_preset=&#8221;default&#8221; text_font=&#8221;Alegreya Sans SC|700|||||||&#8221; text_font_size=&#8221;35px&#8221; custom_margin=&#8221;||67px|||&#8221; animation_style=&#8221;bounce&#8221; link_option_url=&#8221;https:\/\/www.even3.com.br\/xi-encontro-regional-sul-de-ensino-de-biologia-erebio-sul-2025-505578\/&#8221; text_text_shadow_style=&#8221;preset3&#8243; global_colors_info=&#8221;{}&#8221;]<\/p>\n<h1 style=\"text-align: center;\"><span style=\"color: #003300;\">XI EREBioSul<\/span><\/h1>\n<h3 style=\"text-align: center;\"><span style=\"color: #339966;\">Curitiba 12-14 de outubro<\/span><\/h3>\n<h3 style=\"text-align: center;\"><span style=\"color: #339966;\">Acesse o website do evento<\/span><\/h3>\n<p>[\/et_pb_text][\/et_pb_column][\/et_pb_row][\/et_pb_section][et_pb_section fb_built=&#8221;1&#8243; _builder_version=&#8221;4.24.1&#8243; background_color=&#8221;#0b3530&#8243; background_image=&#8221;https:\/\/regional3.sbenbio.org.br\/wp-content\/uploads\/2024\/03\/fundo-modulo2-R3.jpg&#8221; parallax=&#8221;on&#8221; parallax_method=&#8221;off&#8221; custom_margin=&#8221;||114px|||&#8221; custom_padding=&#8221;||151px|||&#8221; global_colors_info=&#8221;{}&#8221;][et_pb_row column_structure=&#8221;1_2,1_2&#8243; _builder_version=&#8221;4.16&#8243; min_height=&#8221;330px&#8221; custom_margin=&#8221;||-46px||false|false&#8221; custom_padding=&#8221;||0px|0px|false|false&#8221; global_colors_info=&#8221;{}&#8221;][et_pb_column type=&#8221;1_2&#8243; _builder_version=&#8221;4.16&#8243; global_colors_info=&#8221;{}&#8221;][et_pb_text _builder_version=&#8221;4.24.1&#8243; _module_preset=&#8221;default&#8221; global_colors_info=&#8221;{}&#8221;]<\/p>\n<p style=\"text-align: center;\"><img loading=\"lazy\" decoding=\"async\" src=\"https:\/\/regional3.sbenbio.org.br\/wp-content\/uploads\/2024\/02\/mapa-R3-300px-1.png\" width=\"259\" height=\"300\" alt=\"\" class=\"wp-image-25 alignnone size-full\" \/><\/p>\n<p>[\/et_pb_text][\/et_pb_column][et_pb_column type=&#8221;1_2&#8243; _builder_version=&#8221;4.16&#8243; global_colors_info=&#8221;{}&#8221;][et_pb_text _builder_version=&#8221;4.24.1&#8243; _module_preset=&#8221;default&#8221; text_font=&#8221;Roboto||||||||&#8221; text_text_color=&#8221;#ffffff&#8221; header_font=&#8221;Roboto||||||||&#8221; header_text_align=&#8221;center&#8221; header_text_color=&#8221;#ffffff&#8221; header_font_size=&#8221;23px&#8221; text_orientation=&#8221;center&#8221; global_colors_info=&#8221;{}&#8221;]<\/p>\n<h1>Bem vindo ao site da SBEnBio Regional 3<\/h1>\n<p>Atuamos nos Estados de Santa Catarina, Paran\u00e1 e Rio Grande do Sul.<\/p>\n<p>Saiba mais sobre n\u00f3s!<\/p>\n<p>[\/et_pb_text][et_pb_button button_url=&#8221;https:\/\/regional3.sbenbio.org.br\/index.php\/institucional\/&#8221; button_text=&#8221;Conhe\u00e7a a SBEnBio&#8221; button_alignment=&#8221;center&#8221; admin_label=&#8221;Conhe\u00e7a a Regional&#8221; _builder_version=&#8221;4.24.1&#8243; _module_preset=&#8221;default&#8221; custom_button=&#8221;on&#8221; button_text_color=&#8221;#ffffff&#8221; button_font=&#8221;Roboto||||||||&#8221; global_colors_info=&#8221;{}&#8221;][\/et_pb_button][et_pb_button button_url=&#8221;https:\/\/regional3.sbenbio.org.br\/index.php\/diretoria-regional\/&#8221; button_text=&#8221;Diretoria atual&#8221; button_alignment=&#8221;center&#8221; admin_label=&#8221;Diretoria atual&#8221; _builder_version=&#8221;4.24.1&#8243; _module_preset=&#8221;default&#8221; custom_button=&#8221;on&#8221; button_text_color=&#8221;#ffffff&#8221; global_colors_info=&#8221;{}&#8221;][\/et_pb_button][\/et_pb_column][\/et_pb_row][\/et_pb_section][et_pb_section fb_built=&#8221;1&#8243; prev_background_color=&#8221;#0b3530&#8243; _builder_version=&#8221;4.24.1&#8243; background_color=&#8221;#508626&#8243; custom_margin=&#8221;-123px||-1px||false|false&#8221; custom_padding=&#8221;18px||18px||false|false&#8221; top_divider_style=&#8221;none&#8221; bottom_divider_style=&#8221;none&#8221; bottom_divider_color=&#8221;#FFFFFF&#8221; bottom_divider_height=&#8221;155px&#8221; global_colors_info=&#8221;{}&#8221;][et_pb_row _builder_version=&#8221;4.16&#8243; custom_padding=&#8221;||7px|||&#8221; global_colors_info=&#8221;{}&#8221;][et_pb_column type=&#8221;4_4&#8243; _builder_version=&#8221;4.16&#8243; global_colors_info=&#8221;{}&#8221;][et_pb_text admin_label=&#8221;PULICA\u00c7\u00d5ES&#8221; _builder_version=&#8221;4.24.1&#8243; header_font=&#8221;|800||on|||||&#8221; header_text_align=&#8221;center&#8221; header_text_color=&#8221;#FFFFFF&#8221; header_font_size=&#8221;44px&#8221; min_height=&#8221;96.6px&#8221; custom_margin=&#8221;-25px|||||&#8221; custom_padding=&#8221;0px||0px|||&#8221; global_colors_info=&#8221;{}&#8221;]<\/p>\n<h1 style=\"text-align: center;\">PULICA\u00c7\u00d5ES<\/h1>\n<p>&nbsp;<\/p>\n<p>&nbsp;<\/p>\n<p>[\/et_pb_text][\/et_pb_column][\/et_pb_row][\/et_pb_section][et_pb_section fb_built=&#8221;1&#8243; _builder_version=&#8221;4.24.1&#8243; background_color=&#8221;#FFFFFF&#8221; background_enable_pattern_style=&#8221;on&#8221; background_pattern_style=&#8221;diagonal-stripes-2&#8243; background_pattern_color=&#8221;rgba(171,198,79,0.12)&#8221; min_height=&#8221;239.1px&#8221; custom_margin=&#8221;-87px||-1px||false|false&#8221; custom_padding=&#8221;18px||18px||false|false&#8221; global_colors_info=&#8221;{}&#8221;][et_pb_row column_structure=&#8221;2_3,1_3&#8243; _builder_version=&#8221;4.16&#8243; custom_margin=&#8221;|auto|19px|auto||&#8221; global_colors_info=&#8221;{}&#8221;][et_pb_column type=&#8221;2_3&#8243; _builder_version=&#8221;4.16&#8243; global_colors_info=&#8221;{}&#8221;][et_pb_text admin_label=&#8221;APP BIBLIOTECA DIGITAL SBENBIO&#8221; _builder_version=&#8221;4.24.1&#8243; text_font_size=&#8221;18px&#8221; header_font=&#8221;|800||on|||||&#8221; header_text_align=&#8221;center&#8221; header_text_color=&#8221;#544c05&#8243; header_font_size=&#8221;44px&#8221; header_4_font=&#8221;Roboto|700|||||||&#8221; header_4_text_align=&#8221;center&#8221; header_4_font_size=&#8221;25px&#8221; module_alignment=&#8221;center&#8221; global_colors_info=&#8221;{}&#8221;]<\/p>\n<h4 style=\"text-align: left;\">\u21d2\u00a0 APP BIBLIOTECA DIGITAL SBENBIO<\/h4>\n<p>[\/et_pb_text][et_pb_text admin_label=&#8221;Agora voc\u00ea pode ter acesso como nossas publica\u00e7\u00f5es diretamente em seu celulaRr&#8230;&#8221; _builder_version=&#8221;4.24.1&#8243; text_font_size=&#8221;16px&#8221; header_font=&#8221;|800||on|||||&#8221; header_text_align=&#8221;center&#8221; header_text_color=&#8221;#544c05&#8243; header_font_size=&#8221;44px&#8221; header_4_font=&#8221;Roboto|700|||||||&#8221; header_4_text_align=&#8221;center&#8221; header_4_font_size=&#8221;25px&#8221; header_5_font=&#8221;|600|||||||&#8221; header_5_text_align=&#8221;center&#8221; module_alignment=&#8221;center&#8221; global_colors_info=&#8221;{}&#8221;]<\/p>\n<p>Agora voc\u00ea pode acessar nossas publica\u00e7\u00f5es diretamente em seu celular para realizar suas leituras e pesquisas.<\/p>\n<p>Para baixar o APP e instalar em seu celular basta apontar seu celular e ler o C\u00d3DIGO QR.<\/p>\n<p>[\/et_pb_text][et_pb_text admin_label=&#8221;Agora voc\u00ea pode ter acesso como nossas publica\u00e7\u00f5es diretamente em seu celulaRr&#8230;&#8221; _builder_version=&#8221;4.24.1&#8243; text_font_size=&#8221;16px&#8221; header_font=&#8221;|800||on|||||&#8221; header_text_align=&#8221;center&#8221; header_text_color=&#8221;#544c05&#8243; header_font_size=&#8221;44px&#8221; header_4_font=&#8221;Roboto|700|||||||&#8221; header_4_text_align=&#8221;center&#8221; header_4_font_size=&#8221;25px&#8221; header_5_font=&#8221;|600|||||||&#8221; header_5_text_align=&#8221;center&#8221; module_alignment=&#8221;center&#8221; global_colors_info=&#8221;{}&#8221;]<\/p>\n<p>Todas as 7 Edi\u00e7\u00f5es dos Anais ENEBIOS j\u00e1 est\u00e3o dispon\u00edveis!<\/p>\n<p>[\/et_pb_text][\/et_pb_column][et_pb_column type=&#8221;1_3&#8243; _builder_version=&#8221;4.16&#8243; global_colors_info=&#8221;{}&#8221;][et_pb_image src=&#8221;https:\/\/regional3.sbenbio.org.br\/wp-content\/uploads\/2024\/03\/qr_code_app.png&#8221; title_text=&#8221;qr_code_app&#8221; align=&#8221;center&#8221; admin_label=&#8221;imagem &#8211; QR&#8221; _builder_version=&#8221;4.24.1&#8243; _module_preset=&#8221;default&#8221; global_colors_info=&#8221;{}&#8221;][\/et_pb_image][\/et_pb_column][\/et_pb_row][\/et_pb_section][et_pb_section fb_built=&#8221;1&#8243; _builder_version=&#8221;4.24.1&#8243; background_color=&#8221;#7CDA24&#8243; use_background_color_gradient=&#8221;on&#8221; background_color_gradient_stops=&#8221;rgba(0,0,0,0.69) 0%|rgba(0,0,0,0.7) 100%&#8221; background_color_gradient_start=&#8221;rgba(0,0,0,0.69)&#8221; background_color_gradient_end=&#8221;rgba(0,0,0,0.7)&#8221; background_image=&#8221;https:\/\/regional3.sbenbio.org.br\/wp-content\/uploads\/2024\/03\/piblicacao-verde.jpg&#8221; parallax=&#8221;on&#8221; parallax_method=&#8221;off&#8221; background_enable_pattern_style=&#8221;on&#8221; background_pattern_style=&#8221;diagonal-stripes-2&#8243; background_pattern_color=&#8221;rgba(167,191,32,0.37)&#8221; min_height=&#8221;496px&#8221; custom_margin=&#8221;0px|||||&#8221; custom_padding=&#8221;2px|||||&#8221; global_colors_info=&#8221;{}&#8221;][et_pb_row _builder_version=&#8221;4.16&#8243; global_colors_info=&#8221;{}&#8221;][et_pb_column type=&#8221;4_4&#8243; _builder_version=&#8221;4.16&#8243; global_colors_info=&#8221;{}&#8221;][et_pb_text admin_label=&#8221;REVISTA SBEnBio&#8221; _builder_version=&#8221;4.24.1&#8243; text_text_color=&#8221;#FFFFFF&#8221; text_font_size=&#8221;24px&#8221; header_font=&#8221;|800||on|||||&#8221; header_text_align=&#8221;center&#8221; header_text_color=&#8221;#FFFFFF&#8221; header_font_size=&#8221;44px&#8221; header_4_font=&#8221;Roboto|700|||||||&#8221; header_4_text_align=&#8221;center&#8221; header_4_text_color=&#8221;#FFFFFF&#8221; header_4_font_size=&#8221;30px&#8221; header_5_text_align=&#8221;center&#8221; header_5_text_color=&#8221;#FFFFFF&#8221; text_orientation=&#8221;center&#8221; module_alignment=&#8221;center&#8221; global_colors_info=&#8221;{}&#8221;]<\/p>\n<h4 style=\"text-align: left;\">\u21d2\u00a0 REVISTA SBEnBio<\/h4>\n<p>[\/et_pb_text][\/et_pb_column][\/et_pb_row][et_pb_row column_structure=&#8221;2_5,3_5&#8243; _builder_version=&#8221;4.16&#8243; global_colors_info=&#8221;{}&#8221;][et_pb_column type=&#8221;2_5&#8243; _builder_version=&#8221;4.16&#8243; global_colors_info=&#8221;{}&#8221;][et_pb_image src=&#8221;https:\/\/regional3.sbenbio.org.br\/wp-content\/uploads\/2024\/03\/Capa_RenBio_2023_v16n2.png&#8221; title_text=&#8221;Capa_RenBio_2023_v16n2&#8243; _builder_version=&#8221;4.24.1&#8243; _module_preset=&#8221;default&#8221; global_colors_info=&#8221;{}&#8221;][\/et_pb_image][\/et_pb_column][et_pb_column type=&#8221;3_5&#8243; _builder_version=&#8221;4.16&#8243; global_colors_info=&#8221;{}&#8221;][et_pb_text admin_label=&#8221;Agora voc\u00ea pode ter acesso como nossas publica\u00e7\u00f5es diretamente em seu celulaRr&#8230;&#8221; _builder_version=&#8221;4.24.1&#8243; text_text_color=&#8221;#FFFFFF&#8221; header_font=&#8221;|800||on|||||&#8221; header_text_align=&#8221;center&#8221; header_text_color=&#8221;#544c05&#8243; header_font_size=&#8221;44px&#8221; header_4_font=&#8221;Roboto||||||||&#8221; header_4_text_align=&#8221;left&#8221; header_4_text_color=&#8221;#FFFFFF&#8221; header_4_font_size=&#8221;25px&#8221; header_5_font=&#8221;||||||||&#8221; header_5_text_align=&#8221;left&#8221; header_5_text_color=&#8221;#FFFFFF&#8221; header_5_font_size=&#8221;15px&#8221; text_orientation=&#8221;center&#8221; module_alignment=&#8221;center&#8221; global_colors_info=&#8221;{}&#8221;]<\/p>\n<p style=\"text-align: left;\">Qualis: B2 (Educa\u00e7\u00e3o) | A1 (Ensino)<\/p>\n<p style=\"text-align: left;\">S\u00edtio web: <a href=\"https:\/\/renbio.org.br\/index.php\/sbenbio\" target=\"_blank\" rel=\"noopener\">https:\/\/renbio.org.br\/index.php\/sbenbio<\/a><\/p>\n<p style=\"text-align: left;\">A partir do n\u00famero 10, a <strong>REnBio<\/strong> \u2013 Revista de Ensino de Biologia da SBEnBio \u2013 passou a adotar o sistema de submiss\u00f5es abertas em fluxo cont\u00ednuo, visando ampliar as possibilidades de acesso aos autores de toda a comunidade da <strong>SBEnBio<\/strong>. A revista pretende, ainda, manter as caracter\u00edsticas que preserva desde seu lan\u00e7amento e aprofundar o esfor\u00e7o em consolidar sua presen\u00e7a no cotidiano dos professores de Biologia, ao mesmo tempo em que oferece espa\u00e7o para a produ\u00e7\u00e3o acad\u00eamica na \u00e1rea de Ensino de Biologia.<br \/>Nesse sentido, est\u00e1 organizada em quatro se\u00e7\u00f5es: a primeira, \u201c<strong>Comunidade SBEnBio<\/strong>\u201d visa publicar textos diversificados em um formato mais livre, como entrevistas, resenhas etc. Nas demais se\u00e7\u00f5es s\u00e3o publicados artigos como Ensaios, Relatos de Experi\u00eancia e Relatos de Pesquisa. Outras revistas da \u00e1rea de Educa\u00e7\u00e3o e Ensino podem ser conhecidas na Plataforma Sucupira, usando a ferramenta \u201c<strong>Qualis Peri\u00f3dicos<\/strong>\u201d\u00a0(<strong><a href=\"https:\/\/sucupira.capes.gov.br\/sucupira\/public\/consultas\/coleta\/veiculoPublicacaoQualis\/listaConsultaGeralPeriodicos.jsf\" target=\"_blank\" rel=\"noopener\">clique aqui<\/a><\/strong>).<\/p>\n<p>[\/et_pb_text][\/et_pb_column][\/et_pb_row][\/et_pb_section][et_pb_section fb_built=&#8221;1&#8243; admin_label=&#8221;Se\u00e7\u00e3o&#8221; module_id=&#8221;CONTATO&#8221; _builder_version=&#8221;4.24.1&#8243; background_color=&#8221;rgba(58,99,0,0.05)&#8221; custom_padding=&#8221;0px|||||&#8221; global_colors_info=&#8221;{}&#8221;][et_pb_row _builder_version=&#8221;4.16&#8243; _module_preset=&#8221;default&#8221; global_colors_info=&#8221;{}&#8221;][et_pb_column type=&#8221;4_4&#8243; _builder_version=&#8221;4.16&#8243; _module_preset=&#8221;default&#8221; global_colors_info=&#8221;{}&#8221;][et_pb_text admin_label=&#8221;CONTATO&#8221; _builder_version=&#8221;4.16&#8243; header_font=&#8221;|800||on|||||&#8221; header_text_align=&#8221;center&#8221; header_text_color=&#8221;#544c05&#8243; header_font_size=&#8221;44px&#8221; global_colors_info=&#8221;{}&#8221;]<\/p>\n<h1 style=\"text-align: center;\">CONTATO<\/h1>\n<p>[\/et_pb_text][\/et_pb_column][\/et_pb_row][et_pb_row column_structure=&#8221;1_4,1_2,1_4&#8243; _builder_version=&#8221;4.16&#8243; custom_padding=&#8221;||0px|||&#8221; global_colors_info=&#8221;{}&#8221;][et_pb_column type=&#8221;1_4&#8243; _builder_version=&#8221;4.16&#8243; global_colors_info=&#8221;{}&#8221;][et_pb_text admin_label=&#8221;Redes Sociais&#8221; _builder_version=&#8221;4.16&#8243; header_font=&#8221;|800|||||||&#8221; header_text_align=&#8221;center&#8221; header_text_color=&#8221;#544c05&#8243; header_font_size=&#8221;23px&#8221; custom_margin=&#8221;4px||0px||false|false&#8221; global_colors_info=&#8221;{}&#8221;]<\/p>\n<h1 style=\"text-align: center;\">Redes Sociais<\/h1>\n<p>[\/et_pb_text][et_pb_text _builder_version=&#8221;4.24.1&#8243; text_font=&#8221;Roboto|900|||||||&#8221; text_text_color=&#8221;#FFFFFF&#8221; text_font_size=&#8221;22px&#8221; background_color=&#8221;#FFFFFF&#8221; text_orientation=&#8221;center&#8221; custom_margin=&#8221;0px||||false|false&#8221; custom_padding=&#8221;14px||14px||false|false&#8221; animation_style=&#8221;bounce&#8221; link_option_url=&#8221;https:\/\/www.instagram.com\/sbenbio3?igsh=cWwwZm5udTk5b3Z5&#8243; text_font_size_tablet=&#8221;&#8221; text_font_size_phone=&#8221;&#8221; text_font_size_last_edited=&#8221;on|desktop&#8221; global_colors_info=&#8221;{}&#8221;]<\/p>\n<p style=\"text-align: center;\"><a href=\"https:\/\/www.instagram.com\/sbenbio3\/\" target=\"_blank\" rel=\"noopener noreferrer\"><img loading=\"lazy\" decoding=\"async\" src=\"https:\/\/regional3.sbenbio.org.br\/wp-content\/uploads\/2024\/02\/instagram-green.png\" width=\"72\" height=\"72\" alt=\"\" class=\"wp-image-728 aligncenter size-full\" \/><\/a><b><\/b><\/p>\n<p style=\"text-align: center;\">\n<p style=\"text-align: center;\">[\/et_pb_text][\/et_pb_column][et_pb_column type=&#8221;1_2&#8243; _builder_version=&#8221;4.16&#8243; _module_preset=&#8221;default&#8221; global_colors_info=&#8221;{}&#8221;][et_pb_contact_form captcha=&#8221;off&#8221; email=&#8221;sbenbio03@gmail.com&#8221; title=&#8221;Deixe aqui sua mensagem&#8221; custom_message=&#8221;Obrigado pelo seu valioso contato, retornaremos o mais breve possivel.&#8221; success_message=&#8221;SUA MENSAGEM FOI RECEBIDA COM SUCESSO!&#8221; submit_button_text=&#8221;Enviar&#8221; _builder_version=&#8221;4.24.1&#8243; _dynamic_attributes=&#8221;success_message&#8221; _unique_id=&#8221;ca5ed77b-16f6-493c-a9bf-46508543b045&#8243; form_field_background_color=&#8221;#FFFFFF&#8221; title_font=&#8221;Roboto|900|||||||&#8221; title_text_align=&#8221;center&#8221; title_text_color=&#8221;#544c05&#8243; title_font_size=&#8221;22px&#8221; captcha_font=&#8221;Source Sans Pro||||||||&#8221; form_field_font=&#8221;Source Sans Pro||||||||&#8221; form_field_text_align=&#8221;left&#8221; background_color=&#8221;rgba(255,255,255,0)&#8221; custom_button=&#8221;on&#8221; button_text_size=&#8221;16px&#8221; button_text_color=&#8221;#02351a&#8221; button_border_color=&#8221;#02351a&#8221; button_font=&#8221;Source Sans Pro||||||||&#8221; button_icon=&#8221;&#xe04e;||divi||400&#8243; button_on_hover=&#8221;off&#8221; text_orientation=&#8221;left&#8221; width=&#8221;100%&#8221; width_tablet=&#8221;100%&#8221; width_phone=&#8221;&#8221; width_last_edited=&#8221;on|phone&#8221; max_width=&#8221;100%&#8221; max_width_tablet=&#8221;100%&#8221; max_width_phone=&#8221;&#8221; max_width_last_edited=&#8221;on|phone&#8221; module_alignment=&#8221;center&#8221; link_option_url=&#8221;r4sbenbio@gmail.com&#8221; global_colors_info=&#8221;{}&#8221; button_text_color__hover_enabled=&#8221;on|hover&#8221; button_text_color__hover=&#8221;#E09900&#8243; button_border_color__hover_enabled=&#8221;on&#8221; button_border_color__hover=&#8221;#E09900&#8243; background__hover_enabled=&#8221;on&#8221;][et_pb_contact_field field_id=&#8221;Nome&#8221; field_title=&#8221;Nome&#8221; fullwidth_field=&#8221;on&#8221; _builder_version=&#8221;4.16&#8243; form_field_font=&#8221;Montserrat||||||||&#8221; form_field_text_align=&#8221;left&#8221; text_orientation=&#8221;left&#8221; global_colors_info=&#8221;{}&#8221;][\/et_pb_contact_field][et_pb_contact_field field_id=&#8221;Email&#8221; field_title=&#8221;E-mail&#8221; field_type=&#8221;email&#8221; fullwidth_field=&#8221;on&#8221; _builder_version=&#8221;4.24.1&#8243; link_option_url=&#8221;sbenbio03@gmail.com&#8221; global_colors_info=&#8221;{}&#8221;][\/et_pb_contact_field][et_pb_contact_field field_id=&#8221;Mensagem&#8221; field_title=&#8221;Deixe aqui sua mensagem&#8221; field_type=&#8221;text&#8221; fullwidth_field=&#8221;on&#8221; _builder_version=&#8221;4.16&#8243; global_colors_info=&#8221;{}&#8221;][\/et_pb_contact_field][\/et_pb_contact_form][\/et_pb_column][et_pb_column type=&#8221;1_4&#8243; _builder_version=&#8221;4.16&#8243; global_colors_info=&#8221;{}&#8221;][et_pb_text admin_label=&#8221;Filia\u00e7\u00e3o&#8221; _builder_version=&#8221;4.16&#8243; header_font=&#8221;|800|||||||&#8221; header_text_align=&#8221;center&#8221; header_text_color=&#8221;#544c05&#8243; header_font_size=&#8221;23px&#8221; custom_margin=&#8221;4px||-2px||false|false&#8221; global_colors_info=&#8221;{}&#8221;]<\/p>\n<h1 style=\"text-align: center;\">Filia\u00e7\u00e3o<\/h1>\n<p>[\/et_pb_text][et_pb_text _builder_version=&#8221;4.24.1&#8243; text_font=&#8221;Roboto|900|||||||&#8221; text_text_color=&#8221;#FFFFFF&#8221; text_font_size=&#8221;22px&#8221; background_color=&#8221;#FFFFFF&#8221; text_orientation=&#8221;center&#8221; custom_margin=&#8221;0px|||||&#8221; custom_padding=&#8221;0px||41px||false|false&#8221; animation_style=&#8221;bounce&#8221; link_option_url=&#8221;https:\/\/regional3.sbenbio.org.br\/index.php\/filiacao-e-anuidades\/&#8221; text_font_size_tablet=&#8221;&#8221; text_font_size_phone=&#8221;&#8221; text_font_size_last_edited=&#8221;on|desktop&#8221; global_colors_info=&#8221;{}&#8221;]<\/p>\n<p>&nbsp;<\/p>\n<p><a href=\"https:\/\/regional3.sbenbio.org.br\/index.php\/filiacao-e-anuidades\/\"><img loading=\"lazy\" decoding=\"async\" src=\"https:\/\/regional3.sbenbio.org.br\/wp-content\/uploads\/2024\/02\/icon-associes-se.png\" width=\"155\" height=\"172\" alt=\"\" class=\"wp-image-9347 alignnone size-full\" \/><\/a><\/p>\n<p style=\"text-align: center;\">[\/et_pb_text][\/et_pb_column][\/et_pb_row][\/et_pb_section]<\/p>\n","protected":false},"excerpt":{"rendered":"<p>XI EREBioSul Curitiba 12-14 de outubro Acesse o website do eventoBem vindo ao site da SBEnBio Regional 3 Atuamos nos Estados de Santa Catarina, Paran\u00e1 e Rio Grande do Sul. Saiba mais sobre n\u00f3s!PULICA\u00c7\u00d5ES &nbsp; &nbsp;\u21d2\u00a0 APP BIBLIOTECA DIGITAL SBENBIOAgora voc\u00ea pode acessar nossas publica\u00e7\u00f5es diretamente em seu celular para realizar suas leituras e pesquisas. [&hellip;]<\/p>\n","protected":false},"author":2,"featured_media":0,"parent":0,"menu_order":0,"comment_status":"closed","ping_status":"closed","template":"","meta":{"_et_pb_use_builder":"on","_et_pb_old_content":"","_et_gb_content_width":"","footnotes":""},"class_list":["post-14","page","type-page","status-publish","hentry"],"_links":{"self":[{"href":"https:\/\/regional3.sbenbio.org.br\/index.php\/wp-json\/wp\/v2\/pages\/14","targetHints":{"allow":["GET"]}}],"collection":[{"href":"https:\/\/regional3.sbenbio.org.br\/index.php\/wp-json\/wp\/v2\/pages"}],"about":[{"href":"https:\/\/regional3.sbenbio.org.br\/index.php\/wp-json\/wp\/v2\/types\/page"}],"author":[{"embeddable":true,"href":"https:\/\/regional3.sbenbio.org.br\/index.php\/wp-json\/wp\/v2\/users\/2"}],"replies":[{"embeddable":true,"href":"https:\/\/regional3.sbenbio.org.br\/index.php\/wp-json\/wp\/v2\/comments?post=14"}],"version-history":[{"count":90,"href":"https:\/\/regional3.sbenbio.org.br\/index.php\/wp-json\/wp\/v2\/pages\/14\/revisions"}],"predecessor-version":[{"id":375,"href":"https:\/\/regional3.sbenbio.org.br\/index.php\/wp-json\/wp\/v2\/pages\/14\/revisions\/375"}],"wp:attachment":[{"href":"https:\/\/regional3.sbenbio.org.br\/index.php\/wp-json\/wp\/v2\/media?parent=14"}],"curies":[{"name":"wp","href":"https:\/\/api.w.org\/{rel}","templated":true}]}}